{"id":11,"date":"2015-01-28T21:41:07","date_gmt":"2015-01-28T21:41:07","guid":{"rendered":"http:\/\/petrkyzlink.cz\/?page_id=11"},"modified":"2026-03-27T05:56:53","modified_gmt":"2026-03-27T05:56:53","slug":"kurzy","status":"publish","type":"page","link":"https:\/\/petrkyzlink.cz\/?page_id=11","title":{"rendered":"Kurzy"},"content":{"rendered":"\n<h2 class=\"wp-block-heading has-text-align-left\"><span style=\"color: #333399;\"><strong>Individu\u00e1ln\u00ed&nbsp;kurz&nbsp;<\/strong><strong>SketchUp &#8211; z\u00e1klady i pokro\u010dil\u00e9 3D modelov\u00e1n\u00ed<\/strong><\/span><\/h2>\n\n\n<div class=\"wp-block-image\">\n<figure class=\"aligncenter size-large\"><a  href=\"http:\/\/petrkyzlink.cz\/wp-content\/uploads\/2025\/09\/viz1.jpg\" data-rel=\"lightbox-gallery-0\" data-rl_title=\"\" data-rl_caption=\"\" title=\"\"><img loading=\"lazy\" decoding=\"async\" width=\"1020\" height=\"996\" src=\"http:\/\/petrkyzlink.cz\/wp-content\/uploads\/2025\/09\/viz1-1020x996.jpg\" alt=\"\" class=\"wp-image-1394\" srcset=\"https:\/\/petrkyzlink.cz\/wp-content\/uploads\/2025\/09\/viz1-1020x996.jpg 1020w, https:\/\/petrkyzlink.cz\/wp-content\/uploads\/2025\/09\/viz1-632x617.jpg 632w, https:\/\/petrkyzlink.cz\/wp-content\/uploads\/2025\/09\/viz1-768x750.jpg 768w, https:\/\/petrkyzlink.cz\/wp-content\/uploads\/2025\/09\/viz1-205x200.jpg 205w, https:\/\/petrkyzlink.cz\/wp-content\/uploads\/2025\/09\/viz1.jpg 1024w\" sizes=\"auto, (max-width: 1020px) 100vw, 1020px\" \/><\/a><\/figure><\/div>\n\n\n<p><\/p>\n\n\n\n<p class=\"has-text-align-left\">Podle m\u00e9ho n\u00e1zoru, jeden z geni\u00e1ln\u00edch po\u010din\u016f na poli softwar\u016f pro 3D n\u00e1vrhy a vizualizace. Vynik\u00e1 svou<strong>&nbsp;jednoduchost<\/strong>\u00ed,&nbsp;<strong>rychlost\u00ed<\/strong> a to nikoliv na \u00fakor kvality. Tak\u00e9 po\u0159izovac\u00ed n\u00e1klady ve srovn\u00e1n\u00ed s konkurenc\u00ed jsou zanedbateln\u00e9, pro nekomer\u010dn\u00ed u\u017e\u00edv\u00e1n\u00ed ho m\u016f\u017eete m\u00edt zdarma.<\/p>\n\n\n\n<p class=\"has-text-align-left\">Obsah kurzu bude p\u0159izp\u016fsoben va\u0161im pot\u0159eb\u00e1m, jist\u011b se v\u0161ak budeme v\u011bnovat nastaven\u00ed prost\u0159ed\u00ed programu, kl\u00e1vesov\u00fdm zkratk\u00e1m, z\u00e1klad\u016fm modelov\u00e1n\u00ed jednoduch\u00fdch objekt\u016f, pr\u00e1ci s texturami a hotov\u00fdmi 3D objekty a mo\u017enostmi n\u00e1sledn\u00e9ho renderingu (Twinmotion).<\/p>\n\n\n\n<h5 class=\"wp-block-heading\"><strong>JAK SE P\u0158IHL\u00c1SIT?<\/strong><\/h5>\n\n\n\n<p class=\"has-text-align-left\">Napi\u0161te mail na&nbsp;<strong>petr@petrkyzlink.cz<\/strong>, domluv\u00edme detaily.<\/p>\n\n\n\n<h5 class=\"wp-block-heading\"><strong>JAK PROB\u00cdH\u00c1 INDIVIDU\u00c1LN\u00cd KURZ?<\/strong><\/h5>\n\n\n\n<p class=\"has-text-align-left\">Zcela dle Va\u0161ich po\u017eadavk\u016f, budu se v\u011bnovat pouze jednotlivc\u016fm, m\u016f\u017eeme se setkat v Brn\u011b, nebo kdekoliv jinde, v kav\u00e1rn\u011b, u V\u00e1s ve firm\u011b&#8230;<\/p>\n\n\n\n<h5 class=\"wp-block-heading\"><strong>CENA KURZU?<\/strong><\/h5>\n\n\n\n<p class=\"has-text-align-left\">Napi\u0161te mi na email<strong><em> petr@petrkyzlink.cz<\/em> <\/strong>a domluv\u00edme se, d\u00e9lku kurzu m\u016f\u017eeme upravit po vz\u00e1jemn\u00e9 dohod\u011b.<\/p>\n\n\n\n<h2 class=\"wp-block-heading\"><span style=\"color: #333399;\"><strong>Skupinov\u00fd kurz&nbsp;<\/strong><strong>SketchUp &#8211; z\u00e1klady i pokro\u010dil\u00e9 3D modelov\u00e1n\u00ed<\/strong><\/span><\/h2>\n\n\n\n<p class=\"has-text-align-left\">Skupinov\u00fd kurz z\u00e1klad\u016f i pokro\u010dil\u00e9ho 3D modelov\u00e1n\u00ed pro skupinu max. 3 \u00fa\u010dastn\u00edk\u016f.<\/p>\n\n\n\n<p class=\"has-text-align-left\"><iframe loading=\"lazy\" style=\"border: 0;\" src=\"https:\/\/calendar.google.com\/calendar\/embed?src=ipivhj8fn35hhsl7n2uhf8n2c4%40group.calendar.google.com&amp;ctz=Europe%2FPrague\" width=\"800\" height=\"600\" frameborder=\"0\" scrolling=\"no\"><\/iframe><\/p>\n\n\n\n<h5 class=\"wp-block-heading\"><strong>JAK SE P\u0158IHL\u00c1SIT?<\/strong><\/h5>\n\n\n\n<p class=\"has-text-align-left\">Napi\u0161te mail na&nbsp;<strong>petr@petrkyzlink.cz<\/strong>, domluv\u00edme detaily.<\/p>\n\n\n\n<h5 class=\"wp-block-heading\"><strong>JAK PROB\u00cdH\u00c1 KURZ?<\/strong><\/h5>\n\n\n\n<p class=\"has-text-align-left\">D\u00e9lka kurzu je 3 hodiny. Setk\u00e1me se ve \u0161kol\u00edc\u00ed m\u00edstnosti v Brn\u011b (m\u00edsto bude up\u0159esn\u011bno). Ka\u017ed\u00fd \u00fa\u010dastn\u00edk pracuje na sv\u00e9m notebooku a pou\u017e\u00edv\u00e1 vlastn\u00ed licenci SketchUpu, nebo free verzi pro hobby pou\u017e\u00edt\u00ed <strong>Sketchup MAKE 2017<\/strong>.<\/p>\n\n\n\n<p class=\"has-text-align-left\">Minim\u00e1ln\u00ed po\u010det \u00fa\u010dastn\u00edku je <strong>2<\/strong>, maxim\u00e1ln\u00ed <b>3<\/b>.<\/p>\n\n\n\n<h5 class=\"wp-block-heading\"><strong>CENA KURZU?<\/strong><\/h5>\n\n\n\n<p class=\"has-text-align-left\"><strong>2500,- K\u010d <\/strong>\/<strong>&nbsp;<\/strong>3 hodiny<\/p>\n\n\n\n<h2 class=\"wp-block-heading\"><span style=\"color: #333399;\"><strong>ONLINE individu\u00e1ln\u00ed kurz&nbsp;<\/strong><strong>SketchUp &#8211; 3D modelov\u00e1n\u00ed<\/strong><\/span><\/h2>\n\n\n\n<p class=\"has-text-align-left\">Individu\u00e1ln\u00ed kurz SketchUpu, kter\u00fd absolvujete z pohodl\u00ed sv\u00e9ho domova. Online kurz Sketchupu 3D bude prob\u00edhat p\u0159es vzd\u00e1lenu plochu sd\u00edlen\u00edm obrazovek (Microsoft Teams) Budeme konzultovat jak\u00e9koliv t\u00e9ma, kter\u00e9 V\u00e1s zaj\u00edm\u00e1.<\/p>\n\n\n\n<h5 class=\"wp-block-heading\"><strong>CENA KURZU?<\/strong><\/h5>\n\n\n\n<p><strong>800,- K\u010d <\/strong>\/1 hodina<\/p>\n\n\n\n<p class=\"has-text-align-left\">Napi\u0161te mi na e-mail<strong><em> petr@petrkyzlink.cz<\/em> <\/strong>a domluv\u00edme se.<\/p>\n\n\n\n<div class=\"course_content\">\n<div class=\"feedback\">\n<div class=\"comments\">\n<div id=\"snippet-courseFeedback-courseFeedback\" class=\"feedback_wrapper show\">\n<h4>Co \u0159\u00edkaj\u00ed \u00fa\u010dastn\u00edci kurz\u016f<\/h4>\n<div class=\"course_content\">\n<div class=\"feedback\">\n<div class=\"comments\">\n<div id=\"snippet-courseFeedback-courseFeedback\" class=\"feedback_wrapper show\">\n<ul>\n<li><span class=\"photo\"><img decoding=\"async\" src=\"https:\/\/www.naucmese.cz\/img\/default-user.jpg\" alt=\"\u0160t\u011bp\u00e1nka\" width=\"70\"><\/span>\n<div class=\"info\"><strong>\u0160t\u011bp\u00e1nka<time>,&nbsp;<\/time><\/strong>Skv\u011bl\u00e1 p\u0159\u00edprava, velk\u00fd p\u0159\u00ednos, mohu jen doporu\u010dit d\u00e1le!<\/div>\n<div class=\"clear\">&nbsp;<\/div>\n<\/li>\n<li><span class=\"photo\"><img decoding=\"async\" src=\"https:\/\/www.naucmese.cz\/img\/default-user.jpg\" alt=\"Lenka\" width=\"70\"><\/span>\n<div class=\"info\"><strong>Lenka<time>,&nbsp;<\/time><\/strong>Kurz naplnil m\u00e9 o\u010dek\u00e1v\u00e1n\u00ed.<\/div>\n<div class=\"clear\">&nbsp;<\/div>\n<\/li>\n<li><a class=\"photo\" href=\"https:\/\/www.naucmese.cz\/eva-dobrovolna\"><img decoding=\"async\" src=\"https:\/\/www.naucmese.cz\/img\/default-user.jpg\" alt=\"Eva Dobrovoln\u00e1\" width=\"70\"><\/a>\n<div class=\"info\"><strong><a href=\"https:\/\/www.naucmese.cz\/eva-dobrovolna\">Eva Dobrovoln\u00e1<\/a><time>, <\/time><\/strong>splnil m\u00e1 o\u010dek\u00e1v\u00e1n\u00ed, v\u00fdhodn\u00e1 individu\u00e1ln\u00ed forma<\/div>\n<div class=\"clear\">&nbsp;<\/div>\n<\/li>\n<li><a class=\"photo\" href=\"https:\/\/www.naucmese.cz\/tereza-cechova\"><img decoding=\"async\" src=\"https:\/\/www.naucmese.cz\/img\/default-user.jpg\" alt=\"Tereza \u010cechov\u00e1\" width=\"70\"><\/a>\n<div class=\"info\"><strong><a href=\"https:\/\/www.naucmese.cz\/tereza-cechova\">Tereza \u010cechov\u00e1<\/a><time>, p\u0159ed 4 lety <\/time><\/strong>Kurz mohu jedin\u011b doporu\u010dit &#8211; nau\u010dila jsem se mnoho nov\u00e9ho za zlomek \u010dasu.<\/div>\n<div class=\"clear\">&nbsp;<\/div>\n<\/li>\n<li><span class=\"photo\"><img decoding=\"async\" src=\"https:\/\/www.naucmese.cz\/img\/default-user.jpg\" alt=\"iveta\" width=\"70\"><\/span>\n<div class=\"info\"><strong>iveta<time>,&nbsp;<\/time><\/strong>S kurzem jsem byla moc spokojena, nebylo nic s cim by si lektor nevedel rady<\/div>\n<div class=\"clear\">&nbsp;<\/div>\n<\/li>\n<li><a class=\"photo\" href=\"https:\/\/www.naucmese.cz\/vladimir-raudensky\"><img decoding=\"async\" src=\"https:\/\/www.naucmese.cz\/img\/default-user.jpg\" alt=\"Vladim\u00edr Raudensk\u00fd\" width=\"70\"><\/a>\n<div class=\"info\"><strong><a href=\"https:\/\/www.naucmese.cz\/vladimir-raudensky\">Vladim\u00edr Raudensk\u00fd<\/a><time>,&nbsp;<\/time><\/strong>Co jsem pot\u0159eboval v\u011bd\u011bt tak te\u010f v\u00edm a mysl\u00edm i n\u011bco nav\u00edc.<\/div>\n<div class=\"clear\">&nbsp;<\/div>\n<\/li>\n<li><span class=\"photo\"><img decoding=\"async\" src=\"https:\/\/www.naucmese.cz\/img\/default-user.jpg\" alt=\"Petra\" width=\"70\"><\/span>\n<div class=\"info\"><strong>Petra<time>,&nbsp;<\/time><\/strong>V\u0159ele doporu\u010duji komukoli, kdo se chce SketchUp rychle nau\u010dit.<\/div>\n<div class=\"clear\">&nbsp;<\/div>\n<\/li>\n<li><a class=\"photo\" href=\"https:\/\/www.naucmese.cz\/jan-dvorsky\"><img decoding=\"async\" src=\"https:\/\/www.naucmese.cz\/img\/default-user.jpg\" alt=\"Jan Dvorsk\u00fd\" width=\"70\"><\/a>\n<div class=\"info\"><strong><a href=\"https:\/\/www.naucmese.cz\/jan-dvorsky\">Jan Dvorsk\u00fd<\/a><time>,&nbsp;<\/time><\/strong>m\u011blo to sp\u00e1d a kurz splnil moje o\u010dek\u00e1v\u00e1n\u00ed<\/div>\n<div class=\"clear\">&nbsp;<\/div>\n<\/li>\n<li><a class=\"photo\" href=\"https:\/\/www.naucmese.cz\/mirka-skoupa\"><img decoding=\"async\" src=\"https:\/\/www.naucmese.cz\/img\/default-user.jpg\" alt=\"Mirka Skoup\u00e1\" width=\"70\"><\/a>\n<div class=\"info\"><strong><a href=\"https:\/\/www.naucmese.cz\/mirka-skoupa\">Mirka Skoup\u00e1<\/a><time>, p\u0159ed 5 lety <\/time><\/strong>V\u00fdborn\u011b koncipov\u00e1no.<\/div>\n<div class=\"clear\">&nbsp;<\/div>\n<\/li>\n<\/ul>\n<div class=\"clear\">&nbsp;<\/div>\n<\/div>\n<\/div>\n<\/div>\n<div class=\"clear\">&nbsp;<\/div>\n<\/div>\n<div class=\"similar-courses\">&nbsp;<\/div>\n<div class=\"clear\">&nbsp;<\/div>\n<div class=\"clear\">&nbsp;<\/div>\n<\/div>\n<\/div>\n<\/div>\n<div class=\"clear\">&nbsp;<\/div>\n<\/div>\n\n\n\n<div class=\"similar-courses\">&nbsp;<\/div>\n\n\n\n<h2 class=\"wp-block-heading\"><\/h2>\n","protected":false},"excerpt":{"rendered":"<p>Individu\u00e1ln\u00ed&nbsp;kurz&nbsp;SketchUp &#8211; z\u00e1klady i pokro\u010dil\u00e9 3D modelov\u00e1n\u00ed Podle m\u00e9ho n\u00e1zoru, jeden z geni\u00e1ln\u00edch po\u010din\u016f na poli softwar\u016f pro 3D n\u00e1vrhy a vizualizace. Vynik\u00e1 svou&nbsp;jednoduchost\u00ed,&nbsp;rychlost\u00ed a to nikoliv na \u00fakor kvality. Tak\u00e9 po\u0159izovac\u00ed n\u00e1klady ve srovn\u00e1n\u00ed s konkurenc\u00ed jsou zanedbateln\u00e9, pro nekomer\u010dn\u00ed u\u017e\u00edv\u00e1n\u00ed ho m\u016f\u017eete m\u00edt zdarma. Obsah kurzu bude p\u0159izp\u016fsoben\u2026<\/p>\n<p> <a class=\"continue-reading-link\" href=\"https:\/\/petrkyzlink.cz\/?page_id=11\"><span>Continue reading<\/span><i class=\"crycon-right-dir\"><\/i><\/a> <\/p>\n","protected":false},"author":1,"featured_media":0,"parent":0,"menu_order":0,"comment_status":"closed","ping_status":"closed","template":"","meta":{"footnotes":""},"class_list":["post-11","page","type-page","status-publish","hentry"],"_links":{"self":[{"href":"https:\/\/petrkyzlink.cz\/index.php?rest_route=\/wp\/v2\/pages\/11","targetHints":{"allow":["GET"]}}],"collection":[{"href":"https:\/\/petrkyzlink.cz\/index.php?rest_route=\/wp\/v2\/pages"}],"about":[{"href":"https:\/\/petrkyzlink.cz\/index.php?rest_route=\/wp\/v2\/types\/page"}],"author":[{"embeddable":true,"href":"https:\/\/petrkyzlink.cz\/index.php?rest_route=\/wp\/v2\/users\/1"}],"replies":[{"embeddable":true,"href":"https:\/\/petrkyzlink.cz\/index.php?rest_route=%2Fwp%2Fv2%2Fcomments&post=11"}],"version-history":[{"count":154,"href":"https:\/\/petrkyzlink.cz\/index.php?rest_route=\/wp\/v2\/pages\/11\/revisions"}],"predecessor-version":[{"id":1467,"href":"https:\/\/petrkyzlink.cz\/index.php?rest_route=\/wp\/v2\/pages\/11\/revisions\/1467"}],"wp:attachment":[{"href":"https:\/\/petrkyzlink.cz\/index.php?rest_route=%2Fwp%2Fv2%2Fmedia&parent=11"}],"curies":[{"name":"wp","href":"https:\/\/api.w.org\/{rel}","templated":true}]}}