{"id":15,"date":"2015-01-28T21:41:33","date_gmt":"2015-01-28T21:41:33","guid":{"rendered":"http:\/\/petrkyzlink.cz\/?page_id=15"},"modified":"2025-09-18T18:08:25","modified_gmt":"2025-09-18T18:08:25","slug":"kontakt","status":"publish","type":"page","link":"https:\/\/petrkyzlink.cz\/?page_id=15","title":{"rendered":"Kontakt"},"content":{"rendered":"\n<figure class=\"wp-block-gallery alignleft has-nested-images columns-default is-cropped wp-block-gallery-1 is-layout-flex wp-block-gallery-is-layout-flex\">\n<figure class=\"wp-block-image size-full\"><a  href=\"http:\/\/petrkyzlink.cz\/wp-content\/uploads\/2025\/09\/DSC_0618.jpg\" data-rel=\"lightbox-gallery-0\" data-rl_title=\"\" data-rl_caption=\"\" title=\"\"><img loading=\"lazy\" decoding=\"async\" width=\"400\" height=\"266\" data-id=\"1385\" src=\"http:\/\/petrkyzlink.cz\/wp-content\/uploads\/2025\/09\/DSC_0618.jpg\" alt=\"\" class=\"wp-image-1385\" srcset=\"https:\/\/petrkyzlink.cz\/wp-content\/uploads\/2025\/09\/DSC_0618.jpg 400w, https:\/\/petrkyzlink.cz\/wp-content\/uploads\/2025\/09\/DSC_0618-301x200.jpg 301w\" sizes=\"auto, (max-width: 400px) 100vw, 400px\" \/><\/a><\/figure>\n<\/figure>\n\n\n\n<p><\/p>\n\n\n\n<p>Petr Kyzlink<br>Kunice 3, 679 71<\/p>\n\n\n\n<p>I\u010c:&nbsp;68036035<\/p>\n\n\n\n<p>Nepl\u00e1tce DPH<\/p>\n\n\n\n<p>Zaps\u00e1n v \u017eivnostensk\u00e9m rejst\u0159\u00edku M\u00da Boskovice<\/p>\n\n\n\n<p>Fio banka<\/p>\n\n\n\n<p>\u010d.\u00fa. 2201283587\/2010<\/p>\n\n\n\n<p>e-mail: petr@petrkyzlink.cz<br>web1: www.petrkyzlink.cz<br>web2: <a href=\"https:\/\/atelierkulna.cz\/\">www.atelierkulna.cz<\/a><\/p>\n\n\n\n<p>Lektor a fotograf, milovn\u00edk dobr\u00e9ho sv\u011btla a dlouh\u00fdch p\u011b\u0161\u00edch v\u00fdlet\u016f. Patn\u00e1ctilet\u00e1 praxe \u0161kolen\u00ed grafick\u00fdch program\u016f pro projektov\u00e1n\u00ed (SketchUp, AutoCad, CADKON).<\/p>\n\n\n\n<p>Po\u0159\u00e1d\u00e1m kurzy 3D vizualizac\u00ed.<\/p>\n","protected":false},"excerpt":{"rendered":"<p>Petr KyzlinkKunice 3, 679 71 I\u010c:&nbsp;68036035 Nepl\u00e1tce DPH Zaps\u00e1n v \u017eivnostensk\u00e9m rejst\u0159\u00edku M\u00da Boskovice Fio banka \u010d.\u00fa. 2201283587\/2010 e-mail: petr@petrkyzlink.czweb1: www.petrkyzlink.czweb2: www.atelierkulna.cz Lektor a fotograf, milovn\u00edk dobr\u00e9ho sv\u011btla a dlouh\u00fdch p\u011b\u0161\u00edch v\u00fdlet\u016f. Patn\u00e1ctilet\u00e1 praxe \u0161kolen\u00ed grafick\u00fdch program\u016f pro projektov\u00e1n\u00ed (SketchUp, AutoCad, CADKON). Po\u0159\u00e1d\u00e1m kurzy 3D vizualizac\u00ed.<\/p>\n<p> <a class=\"continue-reading-link\" href=\"https:\/\/petrkyzlink.cz\/?page_id=15\"><span>Continue reading<\/span><i class=\"crycon-right-dir\"><\/i><\/a> <\/p>\n","protected":false},"author":1,"featured_media":0,"parent":0,"menu_order":0,"comment_status":"closed","ping_status":"closed","template":"","meta":{"footnotes":""},"class_list":["post-15","page","type-page","status-publish","hentry"],"_links":{"self":[{"href":"https:\/\/petrkyzlink.cz\/index.php?rest_route=\/wp\/v2\/pages\/15","targetHints":{"allow":["GET"]}}],"collection":[{"href":"https:\/\/petrkyzlink.cz\/index.php?rest_route=\/wp\/v2\/pages"}],"about":[{"href":"https:\/\/petrkyzlink.cz\/index.php?rest_route=\/wp\/v2\/types\/page"}],"author":[{"embeddable":true,"href":"https:\/\/petrkyzlink.cz\/index.php?rest_route=\/wp\/v2\/users\/1"}],"replies":[{"embeddable":true,"href":"https:\/\/petrkyzlink.cz\/index.php?rest_route=%2Fwp%2Fv2%2Fcomments&post=15"}],"version-history":[{"count":16,"href":"https:\/\/petrkyzlink.cz\/index.php?rest_route=\/wp\/v2\/pages\/15\/revisions"}],"predecessor-version":[{"id":1415,"href":"https:\/\/petrkyzlink.cz\/index.php?rest_route=\/wp\/v2\/pages\/15\/revisions\/1415"}],"wp:attachment":[{"href":"https:\/\/petrkyzlink.cz\/index.php?rest_route=%2Fwp%2Fv2%2Fmedia&parent=15"}],"curies":[{"name":"wp","href":"https:\/\/api.w.org\/{rel}","templated":true}]}}