{"id":354,"date":"2016-10-15T09:07:33","date_gmt":"2016-10-15T09:07:33","guid":{"rendered":"http:\/\/petrkyzlink.cz\/?page_id=354"},"modified":"2025-09-18T17:57:43","modified_gmt":"2025-09-18T17:57:43","slug":"fotografovani-a-video","status":"publish","type":"page","link":"https:\/\/petrkyzlink.cz\/?page_id=354","title":{"rendered":"Foto"},"content":{"rendered":"\n<p class=\"has-text-align-center\">Fotografov\u00e1n\u00ed, kurz fotografov\u00e1n\u00ed, video, svatebn\u00ed fotograf.<\/p>\n\n\n<div class=\"wp-block-image\">\n<figure class=\"aligncenter\"><a  href=\"http:\/\/petrkyzlink.cz\/wp-content\/uploads\/2017\/07\/profesion\u00e1lov\u00e9-BIG.jpg\" data-rel=\"lightbox-gallery-0\" data-rl_title=\"\" data-rl_caption=\"\" title=\"\"><img loading=\"lazy\" decoding=\"async\" width=\"1400\" height=\"990\" src=\"http:\/\/petrkyzlink.cz\/wp-content\/uploads\/2017\/07\/profesion\u00e1lov\u00e9-BIG.jpg\" alt=\"profesion\u00e1lov\u00e9-BIG\" class=\"wp-image-826\" srcset=\"https:\/\/petrkyzlink.cz\/wp-content\/uploads\/2017\/07\/profesion\u00e1lov\u00e9-BIG.jpg 1400w, https:\/\/petrkyzlink.cz\/wp-content\/uploads\/2017\/07\/profesion\u00e1lov\u00e9-BIG-632x447.jpg 632w, https:\/\/petrkyzlink.cz\/wp-content\/uploads\/2017\/07\/profesion\u00e1lov\u00e9-BIG-1020x721.jpg 1020w\" sizes=\"auto, (max-width: 1400px) 100vw, 1400px\" \/><\/a><\/figure><\/div>\n\n<div class=\"wp-block-image\">\n<figure class=\"aligncenter\"><a  href=\"http:\/\/petrkyzlink.cz\/wp-content\/uploads\/2017\/07\/DSC06892b1.jpg\" data-rel=\"lightbox-gallery-0\" data-rl_title=\"\" data-rl_caption=\"\" title=\"\"><img loading=\"lazy\" decoding=\"async\" width=\"1400\" height=\"936\" src=\"http:\/\/petrkyzlink.cz\/wp-content\/uploads\/2017\/07\/DSC06892b1.jpg\" alt=\"DSC06892b\" class=\"wp-image-797\" srcset=\"https:\/\/petrkyzlink.cz\/wp-content\/uploads\/2017\/07\/DSC06892b1.jpg 1400w, https:\/\/petrkyzlink.cz\/wp-content\/uploads\/2017\/07\/DSC06892b1-420x280.jpg 420w, https:\/\/petrkyzlink.cz\/wp-content\/uploads\/2017\/07\/DSC06892b1-632x423.jpg 632w, https:\/\/petrkyzlink.cz\/wp-content\/uploads\/2017\/07\/DSC06892b1-1020x682.jpg 1020w\" sizes=\"auto, (max-width: 1400px) 100vw, 1400px\" \/><\/a><\/figure><\/div>\n\n<div class=\"wp-block-image\">\n<figure class=\"aligncenter\"><a  href=\"http:\/\/petrkyzlink.cz\/wp-content\/uploads\/2017\/07\/DSC06787b1.jpg\" data-rel=\"lightbox-gallery-0\" data-rl_title=\"\" data-rl_caption=\"\" title=\"\"><img loading=\"lazy\" decoding=\"async\" width=\"1400\" height=\"933\" src=\"http:\/\/petrkyzlink.cz\/wp-content\/uploads\/2017\/07\/DSC06787b1.jpg\" alt=\"DSC06787b\" class=\"wp-image-796\" srcset=\"https:\/\/petrkyzlink.cz\/wp-content\/uploads\/2017\/07\/DSC06787b1.jpg 1400w, https:\/\/petrkyzlink.cz\/wp-content\/uploads\/2017\/07\/DSC06787b1-420x280.jpg 420w, https:\/\/petrkyzlink.cz\/wp-content\/uploads\/2017\/07\/DSC06787b1-632x421.jpg 632w, https:\/\/petrkyzlink.cz\/wp-content\/uploads\/2017\/07\/DSC06787b1-1020x680.jpg 1020w\" sizes=\"auto, (max-width: 1400px) 100vw, 1400px\" \/><\/a><\/figure><\/div>\n\n<div class=\"wp-block-image\">\n<figure class=\"aligncenter\"><a  href=\"http:\/\/petrkyzlink.cz\/wp-content\/uploads\/2017\/07\/DSC03871bb1.jpg\" data-rel=\"lightbox-gallery-0\" data-rl_title=\"\" data-rl_caption=\"\" title=\"\"><img loading=\"lazy\" decoding=\"async\" width=\"1400\" height=\"836\" src=\"http:\/\/petrkyzlink.cz\/wp-content\/uploads\/2017\/07\/DSC03871bb1.jpg\" alt=\"DSC03871bb\" class=\"wp-image-795\" srcset=\"https:\/\/petrkyzlink.cz\/wp-content\/uploads\/2017\/07\/DSC03871bb1.jpg 1400w, https:\/\/petrkyzlink.cz\/wp-content\/uploads\/2017\/07\/DSC03871bb1-632x377.jpg 632w, https:\/\/petrkyzlink.cz\/wp-content\/uploads\/2017\/07\/DSC03871bb1-1020x609.jpg 1020w\" sizes=\"auto, (max-width: 1400px) 100vw, 1400px\" \/><\/a><\/figure><\/div>\n\n<div class=\"wp-block-image\">\n<figure class=\"aligncenter\"><a  href=\"http:\/\/petrkyzlink.cz\/wp-content\/uploads\/2017\/07\/DSC01897bb1.jpg\" data-rel=\"lightbox-gallery-0\" data-rl_title=\"\" data-rl_caption=\"\" title=\"\"><img loading=\"lazy\" decoding=\"async\" width=\"1400\" height=\"820\" src=\"http:\/\/petrkyzlink.cz\/wp-content\/uploads\/2017\/07\/DSC01897bb1.jpg\" alt=\"DSC01897bb\" class=\"wp-image-794\" srcset=\"https:\/\/petrkyzlink.cz\/wp-content\/uploads\/2017\/07\/DSC01897bb1.jpg 1400w, https:\/\/petrkyzlink.cz\/wp-content\/uploads\/2017\/07\/DSC01897bb1-632x370.jpg 632w, https:\/\/petrkyzlink.cz\/wp-content\/uploads\/2017\/07\/DSC01897bb1-1020x597.jpg 1020w\" sizes=\"auto, (max-width: 1400px) 100vw, 1400px\" \/><\/a><\/figure><\/div>\n\n<div class=\"wp-block-image\">\n<figure class=\"aligncenter\"><a  href=\"http:\/\/petrkyzlink.cz\/wp-content\/uploads\/2017\/07\/DSC_7715cb1.jpg\" data-rel=\"lightbox-gallery-0\" data-rl_title=\"\" data-rl_caption=\"\" title=\"\"><img loading=\"lazy\" decoding=\"async\" width=\"1400\" height=\"945\" src=\"http:\/\/petrkyzlink.cz\/wp-content\/uploads\/2017\/07\/DSC_7715cb1.jpg\" alt=\"DSC_7715cb\" class=\"wp-image-793\" srcset=\"https:\/\/petrkyzlink.cz\/wp-content\/uploads\/2017\/07\/DSC_7715cb1.jpg 1400w, https:\/\/petrkyzlink.cz\/wp-content\/uploads\/2017\/07\/DSC_7715cb1-632x427.jpg 632w, https:\/\/petrkyzlink.cz\/wp-content\/uploads\/2017\/07\/DSC_7715cb1-1020x689.jpg 1020w\" sizes=\"auto, (max-width: 1400px) 100vw, 1400px\" \/><\/a><\/figure><\/div>\n\n<div class=\"wp-block-image\">\n<figure class=\"aligncenter\"><a  href=\"http:\/\/petrkyzlink.cz\/wp-content\/uploads\/2017\/07\/DSC_2440b1.jpg\" data-rel=\"lightbox-gallery-0\" data-rl_title=\"\" data-rl_caption=\"\" title=\"\"><img loading=\"lazy\" decoding=\"async\" width=\"1400\" height=\"931\" src=\"http:\/\/petrkyzlink.cz\/wp-content\/uploads\/2017\/07\/DSC_2440b1.jpg\" alt=\"DSC_2440b\" class=\"wp-image-792\" srcset=\"https:\/\/petrkyzlink.cz\/wp-content\/uploads\/2017\/07\/DSC_2440b1.jpg 1400w, https:\/\/petrkyzlink.cz\/wp-content\/uploads\/2017\/07\/DSC_2440b1-420x280.jpg 420w, https:\/\/petrkyzlink.cz\/wp-content\/uploads\/2017\/07\/DSC_2440b1-632x420.jpg 632w, https:\/\/petrkyzlink.cz\/wp-content\/uploads\/2017\/07\/DSC_2440b1-1020x678.jpg 1020w\" sizes=\"auto, (max-width: 1400px) 100vw, 1400px\" \/><\/a><\/figure><\/div>\n\n<div class=\"wp-block-image\">\n<figure class=\"aligncenter\"><a  href=\"http:\/\/petrkyzlink.cz\/wp-content\/uploads\/2017\/07\/n\u00e1drLAB1.jpg\" data-rel=\"lightbox-gallery-0\" data-rl_title=\"\" data-rl_caption=\"\" title=\"\"><img loading=\"lazy\" decoding=\"async\" width=\"1920\" height=\"1280\" src=\"http:\/\/petrkyzlink.cz\/wp-content\/uploads\/2017\/07\/n\u00e1drLAB1.jpg\" alt=\"n\u00e1drLAB\" class=\"wp-image-788\" srcset=\"https:\/\/petrkyzlink.cz\/wp-content\/uploads\/2017\/07\/n\u00e1drLAB1.jpg 1920w, https:\/\/petrkyzlink.cz\/wp-content\/uploads\/2017\/07\/n\u00e1drLAB1-420x280.jpg 420w, https:\/\/petrkyzlink.cz\/wp-content\/uploads\/2017\/07\/n\u00e1drLAB1-632x421.jpg 632w, https:\/\/petrkyzlink.cz\/wp-content\/uploads\/2017\/07\/n\u00e1drLAB1-1020x680.jpg 1020w\" sizes=\"auto, (max-width: 1920px) 100vw, 1920px\" \/><\/a><\/figure><\/div>\n\n<div class=\"wp-block-image\">\n<figure class=\"aligncenter\"><a  href=\"http:\/\/petrkyzlink.cz\/wp-content\/uploads\/2017\/07\/rDSC_8000-01.jpg\" data-rel=\"lightbox-gallery-0\" data-rl_title=\"\" data-rl_caption=\"\" title=\"\"><img loading=\"lazy\" decoding=\"async\" width=\"1400\" height=\"933\" src=\"http:\/\/petrkyzlink.cz\/wp-content\/uploads\/2017\/07\/rDSC_8000-01.jpg\" alt=\"rDSC_8000-01\" class=\"wp-image-787\" srcset=\"https:\/\/petrkyzlink.cz\/wp-content\/uploads\/2017\/07\/rDSC_8000-01.jpg 1400w, https:\/\/petrkyzlink.cz\/wp-content\/uploads\/2017\/07\/rDSC_8000-01-420x280.jpg 420w, https:\/\/petrkyzlink.cz\/wp-content\/uploads\/2017\/07\/rDSC_8000-01-632x421.jpg 632w, https:\/\/petrkyzlink.cz\/wp-content\/uploads\/2017\/07\/rDSC_8000-01-1020x680.jpg 1020w\" sizes=\"auto, (max-width: 1400px) 100vw, 1400px\" \/><\/a><\/figure><\/div>\n\n<div class=\"wp-block-image\">\n<figure class=\"aligncenter\"><a  href=\"http:\/\/petrkyzlink.cz\/wp-content\/uploads\/2017\/07\/Img1091b.jpg\" data-rel=\"lightbox-gallery-0\" data-rl_title=\"\" data-rl_caption=\"\" title=\"\"><img loading=\"lazy\" decoding=\"async\" width=\"1400\" height=\"931\" src=\"http:\/\/petrkyzlink.cz\/wp-content\/uploads\/2017\/07\/Img1091b.jpg\" alt=\"Img1091b\" class=\"wp-image-784\" srcset=\"https:\/\/petrkyzlink.cz\/wp-content\/uploads\/2017\/07\/Img1091b.jpg 1400w, https:\/\/petrkyzlink.cz\/wp-content\/uploads\/2017\/07\/Img1091b-420x280.jpg 420w, https:\/\/petrkyzlink.cz\/wp-content\/uploads\/2017\/07\/Img1091b-632x420.jpg 632w, https:\/\/petrkyzlink.cz\/wp-content\/uploads\/2017\/07\/Img1091b-1020x678.jpg 1020w\" sizes=\"auto, (max-width: 1400px) 100vw, 1400px\" \/><\/a><\/figure><\/div>\n\n<div class=\"wp-block-image\">\n<figure class=\"aligncenter\"><a  href=\"http:\/\/petrkyzlink.cz\/wp-content\/uploads\/2017\/07\/DSC09313b.jpg\" data-rel=\"lightbox-gallery-0\" data-rl_title=\"\" data-rl_caption=\"\" title=\"\"><img loading=\"lazy\" decoding=\"async\" width=\"1400\" height=\"936\" src=\"http:\/\/petrkyzlink.cz\/wp-content\/uploads\/2017\/07\/DSC09313b.jpg\" alt=\"DSC09313b\" class=\"wp-image-783\" srcset=\"https:\/\/petrkyzlink.cz\/wp-content\/uploads\/2017\/07\/DSC09313b.jpg 1400w, https:\/\/petrkyzlink.cz\/wp-content\/uploads\/2017\/07\/DSC09313b-420x280.jpg 420w, https:\/\/petrkyzlink.cz\/wp-content\/uploads\/2017\/07\/DSC09313b-632x423.jpg 632w, https:\/\/petrkyzlink.cz\/wp-content\/uploads\/2017\/07\/DSC09313b-1020x682.jpg 1020w\" sizes=\"auto, (max-width: 1400px) 100vw, 1400px\" \/><\/a><\/figure><\/div>\n\n<div class=\"wp-block-image\">\n<figure class=\"aligncenter\"><a  href=\"http:\/\/petrkyzlink.cz\/wp-content\/uploads\/2017\/07\/DSC08617b.jpg\" data-rel=\"lightbox-gallery-0\" data-rl_title=\"\" data-rl_caption=\"\" title=\"\"><img loading=\"lazy\" decoding=\"async\" width=\"1400\" height=\"937\" src=\"http:\/\/petrkyzlink.cz\/wp-content\/uploads\/2017\/07\/DSC08617b.jpg\" alt=\"DSC08617b\" class=\"wp-image-782\" srcset=\"https:\/\/petrkyzlink.cz\/wp-content\/uploads\/2017\/07\/DSC08617b.jpg 1400w, https:\/\/petrkyzlink.cz\/wp-content\/uploads\/2017\/07\/DSC08617b-420x280.jpg 420w, https:\/\/petrkyzlink.cz\/wp-content\/uploads\/2017\/07\/DSC08617b-632x423.jpg 632w, https:\/\/petrkyzlink.cz\/wp-content\/uploads\/2017\/07\/DSC08617b-1020x683.jpg 1020w\" sizes=\"auto, (max-width: 1400px) 100vw, 1400px\" \/><\/a><\/figure><\/div>\n\n\n<p class=\"has-text-align-center\"><\/p>\n","protected":false},"excerpt":{"rendered":"<p>Fotografov\u00e1n\u00ed, kurz fotografov\u00e1n\u00ed, video, svatebn\u00ed fotograf.<\/p>\n<p> <a class=\"continue-reading-link\" href=\"https:\/\/petrkyzlink.cz\/?page_id=354\"><span>Continue reading<\/span><i class=\"crycon-right-dir\"><\/i><\/a> <\/p>\n","protected":false},"author":1,"featured_media":0,"parent":0,"menu_order":0,"comment_status":"closed","ping_status":"closed","template":"","meta":{"footnotes":""},"class_list":["post-354","page","type-page","status-publish","hentry"],"_links":{"self":[{"href":"https:\/\/petrkyzlink.cz\/index.php?rest_route=\/wp\/v2\/pages\/354","targetHints":{"allow":["GET"]}}],"collection":[{"href":"https:\/\/petrkyzlink.cz\/index.php?rest_route=\/wp\/v2\/pages"}],"about":[{"href":"https:\/\/petrkyzlink.cz\/index.php?rest_route=\/wp\/v2\/types\/page"}],"author":[{"embeddable":true,"href":"https:\/\/petrkyzlink.cz\/index.php?rest_route=\/wp\/v2\/users\/1"}],"replies":[{"embeddable":true,"href":"https:\/\/petrkyzlink.cz\/index.php?rest_route=%2Fwp%2Fv2%2Fcomments&post=354"}],"version-history":[{"count":53,"href":"https:\/\/petrkyzlink.cz\/index.php?rest_route=\/wp\/v2\/pages\/354\/revisions"}],"predecessor-version":[{"id":1411,"href":"https:\/\/petrkyzlink.cz\/index.php?rest_route=\/wp\/v2\/pages\/354\/revisions\/1411"}],"wp:attachment":[{"href":"https:\/\/petrkyzlink.cz\/index.php?rest_route=%2Fwp%2Fv2%2Fmedia&parent=354"}],"curies":[{"name":"wp","href":"https:\/\/api.w.org\/{rel}","templated":true}]}}